{"id":68206,"date":"2021-11-24T13:48:22","date_gmt":"2021-11-24T13:48:22","guid":{"rendered":"https:\/\/lookadd.com\/verzorgingstips\/"},"modified":"2021-11-29T11:23:03","modified_gmt":"2021-11-29T11:23:03","slug":"verzorgingstips","status":"publish","type":"page","link":"https:\/\/lookadd.com\/pl\/verzorgingstips\/","title":{"rendered":"Wskaz\u00f3wki dotycz\u0105ce piel\u0119gnacji"},"content":{"rendered":"\t\t<div data-elementor-type=\"wp-page\" data-elementor-id=\"68206\" class=\"elementor elementor-68206 elementor-67988\" data-elementor-post-type=\"page\">\n\t\t\t\t\t\t<section class=\"elementor-section elementor-top-section elementor-element elementor-element-ba24af0 elementor-section-boxed elementor-section-height-default elementor-section-height-default\" data-id=\"ba24af0\" data-element_type=\"section\" data-e-type=\"section\" data-settings=\"{&quot;jet_parallax_layout_list&quot;:[{&quot;jet_parallax_layout_image&quot;:{&quot;url&quot;:&quot;&quot;,&quot;id&quot;:&quot;&quot;,&quot;size&quot;:&quot;&quot;},&quot;_id&quot;:&quot;59ec67c&quot;,&quot;jet_parallax_layout_image_tablet&quot;:{&quot;url&quot;:&quot;&quot;,&quot;id&quot;:&quot;&quot;,&quot;size&quot;:&quot;&quot;},&quot;jet_parallax_layout_image_mobile&quot;:{&quot;url&quot;:&quot;&quot;,&quot;id&quot;:&quot;&quot;,&quot;size&quot;:&quot;&quot;},&quot;jet_parallax_layout_speed&quot;:{&quot;unit&quot;:&quot;%&quot;,&quot;size&quot;:50,&quot;sizes&quot;:[]},&quot;jet_parallax_layout_type&quot;:&quot;scroll&quot;,&quot;jet_parallax_layout_direction&quot;:&quot;1&quot;,&quot;jet_parallax_layout_fx_direction&quot;:null,&quot;jet_parallax_layout_z_index&quot;:&quot;&quot;,&quot;jet_parallax_layout_bg_x&quot;:50,&quot;jet_parallax_layout_bg_x_tablet&quot;:&quot;&quot;,&quot;jet_parallax_layout_bg_x_mobile&quot;:&quot;&quot;,&quot;jet_parallax_layout_bg_y&quot;:50,&quot;jet_parallax_layout_bg_y_tablet&quot;:&quot;&quot;,&quot;jet_parallax_layout_bg_y_mobile&quot;:&quot;&quot;,&quot;jet_parallax_layout_bg_size&quot;:&quot;auto&quot;,&quot;jet_parallax_layout_bg_size_tablet&quot;:&quot;&quot;,&quot;jet_parallax_layout_bg_size_mobile&quot;:&quot;&quot;,&quot;jet_parallax_layout_animation_prop&quot;:&quot;transform&quot;,&quot;jet_parallax_layout_on&quot;:[&quot;desktop&quot;,&quot;tablet&quot;]}]}\">\n\t\t\t\t\t\t<div class=\"elementor-container elementor-column-gap-default\">\n\t\t\t\t\t<div class=\"elementor-column elementor-col-33 elementor-top-column elementor-element elementor-element-1b96f68\" data-id=\"1b96f68\" data-element_type=\"column\" data-e-type=\"column\">\n\t\t\t<div class=\"elementor-widget-wrap elementor-element-populated\">\n\t\t\t\t\t\t<div class=\"elementor-element elementor-element-e49fae2 elementor-widget elementor-widget-image\" data-id=\"e49fae2\" data-element_type=\"widget\" data-e-type=\"widget\" data-widget_type=\"image.default\">\n\t\t\t\t<div class=\"elementor-widget-container\">\n\t\t\t\t\t\t\t\t\t\t\t\t\t\t\t<img fetchpriority=\"high\" decoding=\"async\" width=\"650\" height=\"384\" src=\"https:\/\/lookadd.com\/wp-content\/uploads\/2021\/11\/lookadd_waver_water.jpg\" class=\"attachment-large size-large wp-image-67995\" alt=\"\" srcset=\"https:\/\/lookadd.com\/wp-content\/uploads\/2021\/11\/lookadd_waver_water.jpg 650w, https:\/\/lookadd.com\/wp-content\/uploads\/2021\/11\/lookadd_waver_water-300x177.jpg 300w, https:\/\/lookadd.com\/wp-content\/uploads\/2021\/11\/lookadd_waver_water-600x354.jpg 600w\" sizes=\"(max-width: 650px) 100vw, 650px\" \/>\t\t\t\t\t\t\t\t\t\t\t\t\t\t\t<\/div>\n\t\t\t\t<\/div>\n\t\t\t\t\t<\/div>\n\t\t<\/div>\n\t\t\t\t<div class=\"elementor-column elementor-col-66 elementor-top-column elementor-element elementor-element-9d15384\" data-id=\"9d15384\" data-element_type=\"column\" data-e-type=\"column\">\n\t\t\t<div class=\"elementor-widget-wrap elementor-element-populated\">\n\t\t\t\t\t\t<div class=\"elementor-element elementor-element-b5053c1 elementor-widget elementor-widget-text-editor\" data-id=\"b5053c1\" data-element_type=\"widget\" data-e-type=\"widget\" data-widget_type=\"text-editor.default\">\n\t\t\t\t<div class=\"elementor-widget-container\">\n\t\t\t\t\t\t\t\t\t<p><span id=\"result_box\" lang=\"it\" tabindex=\"-1\"><span id=\"result_box\" lang=\"pl\" tabindex=\"-1\"><strong>Wa\u017cne jest, aby codziennie przep\u0142ukiwa\u0107 Dodaj (przykry\u0107) bez ramki z zimn\u0105 wod\u0105.<\/strong><br \/>Dobrze jest zrobi\u0107 to pod koniec dnia po dniu noszenia. Trzymaj Dodaj oddzielne od ramy podczas snu. <strong>Dzi\u0119ki temu dodawanie jest \u015bwie\u017ce.<\/strong><br \/>Mo\u017cesz r\u00f3wnie\u017c wyczy\u015bci\u0107 ramk\u0119 delikatnym detergentem (bez cytrus\u00f3w) i ciep\u0142\u0105 wod\u0105 lub po prostu sp\u0142uka\u0107.<\/span><br \/><\/span><\/p>\t\t\t\t\t\t\t\t<\/div>\n\t\t\t\t<\/div>\n\t\t\t\t\t<\/div>\n\t\t<\/div>\n\t\t\t\t\t<\/div>\n\t\t<\/section>\n\t\t\t\t<section class=\"elementor-section elementor-top-section elementor-element elementor-element-f59c51b elementor-section-boxed elementor-section-height-default elementor-section-height-default\" data-id=\"f59c51b\" data-element_type=\"section\" data-e-type=\"section\" data-settings=\"{&quot;jet_parallax_layout_list&quot;:[{&quot;jet_parallax_layout_image&quot;:{&quot;url&quot;:&quot;&quot;,&quot;id&quot;:&quot;&quot;,&quot;size&quot;:&quot;&quot;},&quot;_id&quot;:&quot;30740fe&quot;,&quot;jet_parallax_layout_image_tablet&quot;:{&quot;url&quot;:&quot;&quot;,&quot;id&quot;:&quot;&quot;,&quot;size&quot;:&quot;&quot;},&quot;jet_parallax_layout_image_mobile&quot;:{&quot;url&quot;:&quot;&quot;,&quot;id&quot;:&quot;&quot;,&quot;size&quot;:&quot;&quot;},&quot;jet_parallax_layout_speed&quot;:{&quot;unit&quot;:&quot;%&quot;,&quot;size&quot;:50,&quot;sizes&quot;:[]},&quot;jet_parallax_layout_type&quot;:&quot;scroll&quot;,&quot;jet_parallax_layout_direction&quot;:&quot;1&quot;,&quot;jet_parallax_layout_fx_direction&quot;:null,&quot;jet_parallax_layout_z_index&quot;:&quot;&quot;,&quot;jet_parallax_layout_bg_x&quot;:50,&quot;jet_parallax_layout_bg_x_tablet&quot;:&quot;&quot;,&quot;jet_parallax_layout_bg_x_mobile&quot;:&quot;&quot;,&quot;jet_parallax_layout_bg_y&quot;:50,&quot;jet_parallax_layout_bg_y_tablet&quot;:&quot;&quot;,&quot;jet_parallax_layout_bg_y_mobile&quot;:&quot;&quot;,&quot;jet_parallax_layout_bg_size&quot;:&quot;auto&quot;,&quot;jet_parallax_layout_bg_size_tablet&quot;:&quot;&quot;,&quot;jet_parallax_layout_bg_size_mobile&quot;:&quot;&quot;,&quot;jet_parallax_layout_animation_prop&quot;:&quot;transform&quot;,&quot;jet_parallax_layout_on&quot;:[&quot;desktop&quot;,&quot;tablet&quot;]}]}\">\n\t\t\t\t\t\t<div class=\"elementor-container elementor-column-gap-default\">\n\t\t\t\t\t<div class=\"elementor-column elementor-col-33 elementor-top-column elementor-element elementor-element-5a33412\" data-id=\"5a33412\" data-element_type=\"column\" data-e-type=\"column\">\n\t\t\t<div class=\"elementor-widget-wrap elementor-element-populated\">\n\t\t\t\t\t\t<div class=\"elementor-element elementor-element-ebb5257 elementor-widget elementor-widget-image\" data-id=\"ebb5257\" data-element_type=\"widget\" data-e-type=\"widget\" data-widget_type=\"image.default\">\n\t\t\t\t<div class=\"elementor-widget-container\">\n\t\t\t\t\t\t\t\t\t\t\t\t\t\t\t<img decoding=\"async\" width=\"768\" height=\"768\" src=\"https:\/\/lookadd.com\/wp-content\/uploads\/2021\/11\/LookAdd-bewaren-tip-Sas-768x768.jpg\" class=\"attachment-medium_large size-medium_large wp-image-68003\" alt=\"\" srcset=\"https:\/\/lookadd.com\/wp-content\/uploads\/2021\/11\/LookAdd-bewaren-tip-Sas-768x768.jpg 768w, https:\/\/lookadd.com\/wp-content\/uploads\/2021\/11\/LookAdd-bewaren-tip-Sas-300x300.jpg 300w, https:\/\/lookadd.com\/wp-content\/uploads\/2021\/11\/LookAdd-bewaren-tip-Sas-150x150.jpg 150w, https:\/\/lookadd.com\/wp-content\/uploads\/2021\/11\/LookAdd-bewaren-tip-Sas-600x600.jpg 600w, https:\/\/lookadd.com\/wp-content\/uploads\/2021\/11\/LookAdd-bewaren-tip-Sas-100x100.jpg 100w, https:\/\/lookadd.com\/wp-content\/uploads\/2021\/11\/LookAdd-bewaren-tip-Sas.jpg 1000w\" sizes=\"(max-width: 768px) 100vw, 768px\" \/>\t\t\t\t\t\t\t\t\t\t\t\t\t\t\t<\/div>\n\t\t\t\t<\/div>\n\t\t\t\t\t<\/div>\n\t\t<\/div>\n\t\t\t\t<div class=\"elementor-column elementor-col-66 elementor-top-column elementor-element elementor-element-1f7d20b\" data-id=\"1f7d20b\" data-element_type=\"column\" data-e-type=\"column\">\n\t\t\t<div class=\"elementor-widget-wrap elementor-element-populated\">\n\t\t\t\t\t\t<div class=\"elementor-element elementor-element-3398dad elementor-widget elementor-widget-text-editor\" data-id=\"3398dad\" data-element_type=\"widget\" data-e-type=\"widget\" data-widget_type=\"text-editor.default\">\n\t\t\t\t<div class=\"elementor-widget-container\">\n\t\t\t\t\t\t\t\t\t<p><span id=\"result_box\" lang=\"pl\" tabindex=\"-1\"><strong>Standardowy album ze zdj\u0119ciami mo\u017ce zapewni\u0107 rozwi\u0105zanie pozwalaj\u0105ce zachowa\u0107 dodatki. <\/strong><\/span><\/p><p><span id=\"result_box\" lang=\"pl\" tabindex=\"-1\">Albo bia\u0142a tablica lub metalowa listwa.<strong><br \/><\/strong><\/span><\/p>\t\t\t\t\t\t\t\t<\/div>\n\t\t\t\t<\/div>\n\t\t\t\t\t<\/div>\n\t\t<\/div>\n\t\t\t\t\t<\/div>\n\t\t<\/section>\n\t\t\t\t<\/div>\n\t\t","protected":false},"excerpt":{"rendered":"<p>Wa\u017cne jest, aby codziennie przep\u0142ukiwa\u0107 Dodaj (przykry\u0107) bez ramki z zimn\u0105 wod\u0105. Dobrze jest zrobi\u0107 to pod koniec dnia po dniu noszenia. Trzymaj Dodaj oddzielne od ramy podczas snu. Dzi\u0119ki temu dodawanie jest \u015bwie\u017ce. Mo\u017cesz r\u00f3wnie\u017c wyczy\u015bci\u0107 ramk\u0119 delikatnym detergentem (bez cytrus\u00f3w) i ciep\u0142\u0105 wod\u0105 lub po prostu sp\u0142uka\u0107. Standardowy album ze zdj\u0119ciami mo\u017ce zapewni\u0107 [&hellip;]<\/p>\n","protected":false},"author":13745,"featured_media":0,"parent":0,"menu_order":0,"comment_status":"closed","ping_status":"closed","template":"","meta":{"_acf_changed":false,"site-sidebar-layout":"default","site-content-layout":"default","ast-site-content-layout":"default","site-content-style":"default","site-sidebar-style":"default","ast-global-header-display":"","ast-banner-title-visibility":"","ast-main-header-display":"","ast-hfb-above-header-display":"","ast-hfb-below-header-display":"","ast-hfb-mobile-header-display":"","site-post-title":"","ast-breadcrumbs-content":"","ast-featured-img":"","footer-sml-layout":"","ast-disable-related-posts":"","theme-transparent-header-meta":"default","adv-header-id-meta":"","stick-header-meta":"","header-above-stick-meta":"","header-main-stick-meta":"","header-below-stick-meta":"","astra-migrate-meta-layouts":"default","ast-page-background-enabled":"default","ast-page-background-meta":{"desktop":{"background-color":"","background-image":"","background-repeat":"repeat","background-position":"center center","background-size":"auto","background-attachment":"scroll","background-type":"","background-media":"","overlay-type":"","overlay-color":"","overlay-opacity":"","overlay-gradient":""},"tablet":{"background-color":"","background-image":"","background-repeat":"repeat","background-position":"center center","background-size":"auto","background-attachment":"scroll","background-type":"","background-media":"","overlay-type":"","overlay-color":"","overlay-opacity":"","overlay-gradient":""},"mobile":{"background-color":"","background-image":"","background-repeat":"repeat","background-position":"center center","background-size":"auto","background-attachment":"scroll","background-type":"","background-media":"","overlay-type":"","overlay-color":"","overlay-opacity":"","overlay-gradient":""}},"ast-content-background-meta":{"desktop":{"background-color":"var(--ast-global-color-5)","background-image":"","background-repeat":"repeat","background-position":"center center","background-size":"auto","background-attachment":"scroll","background-type":"","background-media":"","overlay-type":"","overlay-color":"","overlay-opacity":"","overlay-gradient":""},"tablet":{"background-color":"var(--ast-global-color-5)","background-image":"","background-repeat":"repeat","background-position":"center center","background-size":"auto","background-attachment":"scroll","background-type":"","background-media":"","overlay-type":"","overlay-color":"","overlay-opacity":"","overlay-gradient":""},"mobile":{"background-color":"var(--ast-global-color-5)","background-image":"","background-repeat":"repeat","background-position":"center center","background-size":"auto","background-attachment":"scroll","background-type":"","background-media":"","overlay-type":"","overlay-color":"","overlay-opacity":"","overlay-gradient":""}},"footnotes":""},"class_list":["post-68206","page","type-page","status-publish","hentry"],"acf":[],"yoast_head":"<!-- This site is optimized with the Yoast SEO plugin v27.5 - https:\/\/yoast.com\/product\/yoast-seo-wordpress\/ -->\n<title>Wskaz\u00f3wki dotycz\u0105ce piel\u0119gnacji - LookAdd<\/title>\n<meta name=\"robots\" content=\"index, follow, max-snippet:-1, max-image-preview:large, max-video-preview:-1\" \/>\n<link rel=\"canonical\" href=\"https:\/\/lookadd.com\/pl\/verzorgingstips\/\" \/>\n<meta property=\"og:locale\" content=\"pl_PL\" \/>\n<meta property=\"og:type\" content=\"article\" \/>\n<meta property=\"og:title\" content=\"Wskaz\u00f3wki dotycz\u0105ce piel\u0119gnacji - LookAdd\" \/>\n<meta property=\"og:description\" content=\"Wa\u017cne jest, aby codziennie przep\u0142ukiwa\u0107 Dodaj (przykry\u0107) bez ramki z zimn\u0105 wod\u0105. Dobrze jest zrobi\u0107 to pod koniec dnia po dniu noszenia. Trzymaj Dodaj oddzielne od ramy podczas snu. Dzi\u0119ki temu dodawanie jest \u015bwie\u017ce. Mo\u017cesz r\u00f3wnie\u017c wyczy\u015bci\u0107 ramk\u0119 delikatnym detergentem (bez cytrus\u00f3w) i ciep\u0142\u0105 wod\u0105 lub po prostu sp\u0142uka\u0107. Standardowy album ze zdj\u0119ciami mo\u017ce zapewni\u0107 [&hellip;]\" \/>\n<meta property=\"og:url\" content=\"https:\/\/lookadd.com\/pl\/verzorgingstips\/\" \/>\n<meta property=\"og:site_name\" content=\"LookAdd\" \/>\n<meta property=\"article:publisher\" content=\"https:\/\/www.facebook.com\/lookadd.eyewear\" \/>\n<meta property=\"article:modified_time\" content=\"2021-11-29T11:23:03+00:00\" \/>\n<meta property=\"og:image\" content=\"https:\/\/lookadd.com\/wp-content\/uploads\/2021\/11\/lookadd_waver_water.jpg\" \/>\n<meta name=\"twitter:card\" content=\"summary_large_image\" \/>\n<script type=\"application\/ld+json\" class=\"yoast-schema-graph\">{\"@context\":\"https:\\\/\\\/schema.org\",\"@graph\":[{\"@type\":\"WebPage\",\"@id\":\"https:\\\/\\\/lookadd.com\\\/pl\\\/verzorgingstips\\\/\",\"url\":\"https:\\\/\\\/lookadd.com\\\/pl\\\/verzorgingstips\\\/\",\"name\":\"Wskaz\u00f3wki dotycz\u0105ce piel\u0119gnacji - LookAdd\",\"isPartOf\":{\"@id\":\"https:\\\/\\\/lookadd.com\\\/#website\"},\"primaryImageOfPage\":{\"@id\":\"https:\\\/\\\/lookadd.com\\\/pl\\\/verzorgingstips\\\/#primaryimage\"},\"image\":{\"@id\":\"https:\\\/\\\/lookadd.com\\\/pl\\\/verzorgingstips\\\/#primaryimage\"},\"thumbnailUrl\":\"https:\\\/\\\/lookadd.com\\\/wp-content\\\/uploads\\\/2021\\\/11\\\/lookadd_waver_water.jpg\",\"datePublished\":\"2021-11-24T13:48:22+00:00\",\"dateModified\":\"2021-11-29T11:23:03+00:00\",\"breadcrumb\":{\"@id\":\"https:\\\/\\\/lookadd.com\\\/pl\\\/verzorgingstips\\\/#breadcrumb\"},\"inLanguage\":\"pl-PL\",\"potentialAction\":[{\"@type\":\"ReadAction\",\"target\":[\"https:\\\/\\\/lookadd.com\\\/pl\\\/verzorgingstips\\\/\"]}]},{\"@type\":\"ImageObject\",\"inLanguage\":\"pl-PL\",\"@id\":\"https:\\\/\\\/lookadd.com\\\/pl\\\/verzorgingstips\\\/#primaryimage\",\"url\":\"https:\\\/\\\/lookadd.com\\\/wp-content\\\/uploads\\\/2021\\\/11\\\/lookadd_waver_water.jpg\",\"contentUrl\":\"https:\\\/\\\/lookadd.com\\\/wp-content\\\/uploads\\\/2021\\\/11\\\/lookadd_waver_water.jpg\"},{\"@type\":\"BreadcrumbList\",\"@id\":\"https:\\\/\\\/lookadd.com\\\/pl\\\/verzorgingstips\\\/#breadcrumb\",\"itemListElement\":[{\"@type\":\"ListItem\",\"position\":1,\"name\":\"Home\",\"item\":\"https:\\\/\\\/lookadd.com\\\/\"},{\"@type\":\"ListItem\",\"position\":2,\"name\":\"Wskaz\u00f3wki dotycz\u0105ce piel\u0119gnacji\"}]},{\"@type\":\"WebSite\",\"@id\":\"https:\\\/\\\/lookadd.com\\\/#website\",\"url\":\"https:\\\/\\\/lookadd.com\\\/\",\"name\":\"LookAdd.com\",\"description\":\"\",\"publisher\":{\"@id\":\"https:\\\/\\\/lookadd.com\\\/#organization\"},\"potentialAction\":[{\"@type\":\"SearchAction\",\"target\":{\"@type\":\"EntryPoint\",\"urlTemplate\":\"https:\\\/\\\/lookadd.com\\\/?s={search_term_string}\"},\"query-input\":{\"@type\":\"PropertyValueSpecification\",\"valueRequired\":true,\"valueName\":\"search_term_string\"}}],\"inLanguage\":\"pl-PL\"},{\"@type\":\"Organization\",\"@id\":\"https:\\\/\\\/lookadd.com\\\/#organization\",\"name\":\"LookAdd\",\"url\":\"https:\\\/\\\/lookadd.com\\\/\",\"logo\":{\"@type\":\"ImageObject\",\"inLanguage\":\"pl-PL\",\"@id\":\"https:\\\/\\\/lookadd.com\\\/#\\\/schema\\\/logo\\\/image\\\/\",\"url\":\"https:\\\/\\\/lookadd.com\\\/wp-content\\\/uploads\\\/2021\\\/12\\\/LookAdd-logo-850-px.jpg\",\"contentUrl\":\"https:\\\/\\\/lookadd.com\\\/wp-content\\\/uploads\\\/2021\\\/12\\\/LookAdd-logo-850-px.jpg\",\"width\":843,\"height\":486,\"caption\":\"LookAdd\"},\"image\":{\"@id\":\"https:\\\/\\\/lookadd.com\\\/#\\\/schema\\\/logo\\\/image\\\/\"},\"sameAs\":[\"https:\\\/\\\/www.facebook.com\\\/lookadd.eyewear\",\"https:\\\/\\\/www.instagram.com\\\/lookadd.eyewear\\\/\"]}]}<\/script>\n<!-- \/ Yoast SEO plugin. -->","yoast_head_json":{"title":"Wskaz\u00f3wki dotycz\u0105ce piel\u0119gnacji - LookAdd","robots":{"index":"index","follow":"follow","max-snippet":"max-snippet:-1","max-image-preview":"max-image-preview:large","max-video-preview":"max-video-preview:-1"},"canonical":"https:\/\/lookadd.com\/pl\/verzorgingstips\/","og_locale":"pl_PL","og_type":"article","og_title":"Wskaz\u00f3wki dotycz\u0105ce piel\u0119gnacji - LookAdd","og_description":"Wa\u017cne jest, aby codziennie przep\u0142ukiwa\u0107 Dodaj (przykry\u0107) bez ramki z zimn\u0105 wod\u0105. Dobrze jest zrobi\u0107 to pod koniec dnia po dniu noszenia. Trzymaj Dodaj oddzielne od ramy podczas snu. Dzi\u0119ki temu dodawanie jest \u015bwie\u017ce. Mo\u017cesz r\u00f3wnie\u017c wyczy\u015bci\u0107 ramk\u0119 delikatnym detergentem (bez cytrus\u00f3w) i ciep\u0142\u0105 wod\u0105 lub po prostu sp\u0142uka\u0107. Standardowy album ze zdj\u0119ciami mo\u017ce zapewni\u0107 [&hellip;]","og_url":"https:\/\/lookadd.com\/pl\/verzorgingstips\/","og_site_name":"LookAdd","article_publisher":"https:\/\/www.facebook.com\/lookadd.eyewear","article_modified_time":"2021-11-29T11:23:03+00:00","og_image":[{"url":"https:\/\/lookadd.com\/wp-content\/uploads\/2021\/11\/lookadd_waver_water.jpg","type":"","width":"","height":""}],"twitter_card":"summary_large_image","schema":{"@context":"https:\/\/schema.org","@graph":[{"@type":"WebPage","@id":"https:\/\/lookadd.com\/pl\/verzorgingstips\/","url":"https:\/\/lookadd.com\/pl\/verzorgingstips\/","name":"Wskaz\u00f3wki dotycz\u0105ce piel\u0119gnacji - LookAdd","isPartOf":{"@id":"https:\/\/lookadd.com\/#website"},"primaryImageOfPage":{"@id":"https:\/\/lookadd.com\/pl\/verzorgingstips\/#primaryimage"},"image":{"@id":"https:\/\/lookadd.com\/pl\/verzorgingstips\/#primaryimage"},"thumbnailUrl":"https:\/\/lookadd.com\/wp-content\/uploads\/2021\/11\/lookadd_waver_water.jpg","datePublished":"2021-11-24T13:48:22+00:00","dateModified":"2021-11-29T11:23:03+00:00","breadcrumb":{"@id":"https:\/\/lookadd.com\/pl\/verzorgingstips\/#breadcrumb"},"inLanguage":"pl-PL","potentialAction":[{"@type":"ReadAction","target":["https:\/\/lookadd.com\/pl\/verzorgingstips\/"]}]},{"@type":"ImageObject","inLanguage":"pl-PL","@id":"https:\/\/lookadd.com\/pl\/verzorgingstips\/#primaryimage","url":"https:\/\/lookadd.com\/wp-content\/uploads\/2021\/11\/lookadd_waver_water.jpg","contentUrl":"https:\/\/lookadd.com\/wp-content\/uploads\/2021\/11\/lookadd_waver_water.jpg"},{"@type":"BreadcrumbList","@id":"https:\/\/lookadd.com\/pl\/verzorgingstips\/#breadcrumb","itemListElement":[{"@type":"ListItem","position":1,"name":"Home","item":"https:\/\/lookadd.com\/"},{"@type":"ListItem","position":2,"name":"Wskaz\u00f3wki dotycz\u0105ce piel\u0119gnacji"}]},{"@type":"WebSite","@id":"https:\/\/lookadd.com\/#website","url":"https:\/\/lookadd.com\/","name":"LookAdd.com","description":"","publisher":{"@id":"https:\/\/lookadd.com\/#organization"},"potentialAction":[{"@type":"SearchAction","target":{"@type":"EntryPoint","urlTemplate":"https:\/\/lookadd.com\/?s={search_term_string}"},"query-input":{"@type":"PropertyValueSpecification","valueRequired":true,"valueName":"search_term_string"}}],"inLanguage":"pl-PL"},{"@type":"Organization","@id":"https:\/\/lookadd.com\/#organization","name":"LookAdd","url":"https:\/\/lookadd.com\/","logo":{"@type":"ImageObject","inLanguage":"pl-PL","@id":"https:\/\/lookadd.com\/#\/schema\/logo\/image\/","url":"https:\/\/lookadd.com\/wp-content\/uploads\/2021\/12\/LookAdd-logo-850-px.jpg","contentUrl":"https:\/\/lookadd.com\/wp-content\/uploads\/2021\/12\/LookAdd-logo-850-px.jpg","width":843,"height":486,"caption":"LookAdd"},"image":{"@id":"https:\/\/lookadd.com\/#\/schema\/logo\/image\/"},"sameAs":["https:\/\/www.facebook.com\/lookadd.eyewear","https:\/\/www.instagram.com\/lookadd.eyewear\/"]}]}},"_links":{"self":[{"href":"https:\/\/lookadd.com\/pl\/wp-json\/wp\/v2\/pages\/68206","targetHints":{"allow":["GET"]}}],"collection":[{"href":"https:\/\/lookadd.com\/pl\/wp-json\/wp\/v2\/pages"}],"about":[{"href":"https:\/\/lookadd.com\/pl\/wp-json\/wp\/v2\/types\/page"}],"author":[{"embeddable":true,"href":"https:\/\/lookadd.com\/pl\/wp-json\/wp\/v2\/users\/13745"}],"replies":[{"embeddable":true,"href":"https:\/\/lookadd.com\/pl\/wp-json\/wp\/v2\/comments?post=68206"}],"version-history":[{"count":4,"href":"https:\/\/lookadd.com\/pl\/wp-json\/wp\/v2\/pages\/68206\/revisions"}],"predecessor-version":[{"id":68210,"href":"https:\/\/lookadd.com\/pl\/wp-json\/wp\/v2\/pages\/68206\/revisions\/68210"}],"wp:attachment":[{"href":"https:\/\/lookadd.com\/pl\/wp-json\/wp\/v2\/media?parent=68206"}],"curies":[{"name":"wp","href":"https:\/\/api.w.org\/{rel}","templated":true}]}}